{"id":5912,"date":"2025-11-08T12:44:47","date_gmt":"2025-11-08T10:44:47","guid":{"rendered":"https:\/\/auxdelicesdecaroline.com\/?page_id=5912"},"modified":"2025-11-08T22:49:11","modified_gmt":"2025-11-08T20:49:11","slug":"premium-extras-menus","status":"publish","type":"page","link":"https:\/\/auxdelicesdecaroline.com\/de\/register\/welcome\/premium-extras-menus\/","title":{"rendered":"Premium Extras &amp; Men\u00fcs"},"content":{"rendered":"<ul class=\"wp-block-latest-posts__list has-dates wp-block-latest-posts\"><li><div class=\"wp-block-latest-posts__featured-image alignleft\"><img loading=\"lazy\" decoding=\"async\" width=\"225\" height=\"300\" src=\"https:\/\/auxdelicesdecaroline.com\/wp-content\/uploads\/2026\/05\/Menu-10-Mai-2026-1-225x300.jpeg\" class=\"attachment-medium size-medium wp-post-image\" alt=\"\" style=\"\" srcset=\"https:\/\/auxdelicesdecaroline.com\/wp-content\/uploads\/2026\/05\/Menu-10-Mai-2026-1-225x300.jpeg 225w, https:\/\/auxdelicesdecaroline.com\/wp-content\/uploads\/2026\/05\/Menu-10-Mai-2026-1-768x1024.jpeg 768w, https:\/\/auxdelicesdecaroline.com\/wp-content\/uploads\/2026\/05\/Menu-10-Mai-2026-1-450x600.jpeg 450w, https:\/\/auxdelicesdecaroline.com\/wp-content\/uploads\/2026\/05\/Menu-10-Mai-2026-1-1152x1536.jpeg 1152w, https:\/\/auxdelicesdecaroline.com\/wp-content\/uploads\/2026\/05\/Menu-10-Mai-2026-1-9x12.jpeg 9w, https:\/\/auxdelicesdecaroline.com\/wp-content\/uploads\/2026\/05\/Menu-10-Mai-2026-1-45x60.jpeg 45w, https:\/\/auxdelicesdecaroline.com\/wp-content\/uploads\/2026\/05\/Menu-10-Mai-2026-1-360x480.jpeg 360w, https:\/\/auxdelicesdecaroline.com\/wp-content\/uploads\/2026\/05\/Menu-10-Mai-2026-1.jpeg 1500w\" sizes=\"auto, (max-width: 225px) 100vw, 225px\" \/><\/div><a class=\"wp-block-latest-posts__post-title\" href=\"https:\/\/auxdelicesdecaroline.com\/de\/menu-10-diner-entre-fraicheur-et-gourmandise\/\">MENU 10 - DINNER ZWISCHEN FRISCH UND LECKER<\/a><time datetime=\"2026-05-08T11:39:02+02:00\" class=\"wp-block-latest-posts__post-date\">Mai 8, 2026<\/time><\/li>\n<li><div class=\"wp-block-latest-posts__featured-image alignleft\"><img loading=\"lazy\" decoding=\"async\" width=\"225\" height=\"300\" src=\"https:\/\/auxdelicesdecaroline.com\/wp-content\/uploads\/2026\/04\/Menu-9-buffet-april-225x300.jpeg\" class=\"attachment-medium size-medium wp-post-image\" alt=\"\" style=\"\" srcset=\"https:\/\/auxdelicesdecaroline.com\/wp-content\/uploads\/2026\/04\/Menu-9-buffet-april-225x300.jpeg 225w, https:\/\/auxdelicesdecaroline.com\/wp-content\/uploads\/2026\/04\/Menu-9-buffet-april-768x1024.jpeg 768w, https:\/\/auxdelicesdecaroline.com\/wp-content\/uploads\/2026\/04\/Menu-9-buffet-april-450x600.jpeg 450w, https:\/\/auxdelicesdecaroline.com\/wp-content\/uploads\/2026\/04\/Menu-9-buffet-april-1152x1536.jpeg 1152w, https:\/\/auxdelicesdecaroline.com\/wp-content\/uploads\/2026\/04\/Menu-9-buffet-april-9x12.jpeg 9w, https:\/\/auxdelicesdecaroline.com\/wp-content\/uploads\/2026\/04\/Menu-9-buffet-april-45x60.jpeg 45w, https:\/\/auxdelicesdecaroline.com\/wp-content\/uploads\/2026\/04\/Menu-9-buffet-april-360x480.jpeg 360w, https:\/\/auxdelicesdecaroline.com\/wp-content\/uploads\/2026\/04\/Menu-9-buffet-april.jpeg 1500w\" sizes=\"auto, (max-width: 225px) 100vw, 225px\" \/><\/div><a class=\"wp-block-latest-posts__post-title\" href=\"https:\/\/auxdelicesdecaroline.com\/de\/menu-9-buffet-de-reception-printemps-ete-elegant-et-facile-a-preparer-ideal-pour-bapteme-communion-ou-confirmation\/\">Men\u00fc 9 - Fr\u00fchling-Sommer-Empfangsbuffet, elegant und einfach zuzubereiten (ideal f\u00fcr Taufe, Kommunion oder Konfirmation)<\/a><time datetime=\"2026-04-08T21:43:04+02:00\" class=\"wp-block-latest-posts__post-date\">April 8, 2026<\/time><\/li>\n<li><div class=\"wp-block-latest-posts__featured-image alignleft\"><img loading=\"lazy\" decoding=\"async\" width=\"225\" height=\"300\" src=\"https:\/\/auxdelicesdecaroline.com\/wp-content\/uploads\/2026\/03\/Menu-8-mars-225x300.jpeg\" class=\"attachment-medium size-medium wp-post-image\" alt=\"\" style=\"\" srcset=\"https:\/\/auxdelicesdecaroline.com\/wp-content\/uploads\/2026\/03\/Menu-8-mars-225x300.jpeg 225w, https:\/\/auxdelicesdecaroline.com\/wp-content\/uploads\/2026\/03\/Menu-8-mars-768x1024.jpeg 768w, https:\/\/auxdelicesdecaroline.com\/wp-content\/uploads\/2026\/03\/Menu-8-mars-450x600.jpeg 450w, https:\/\/auxdelicesdecaroline.com\/wp-content\/uploads\/2026\/03\/Menu-8-mars-1152x1536.jpeg 1152w, https:\/\/auxdelicesdecaroline.com\/wp-content\/uploads\/2026\/03\/Menu-8-mars-9x12.jpeg 9w, https:\/\/auxdelicesdecaroline.com\/wp-content\/uploads\/2026\/03\/Menu-8-mars-45x60.jpeg 45w, https:\/\/auxdelicesdecaroline.com\/wp-content\/uploads\/2026\/03\/Menu-8-mars-360x480.jpeg 360w, https:\/\/auxdelicesdecaroline.com\/wp-content\/uploads\/2026\/03\/Menu-8-mars.jpeg 1500w\" sizes=\"auto, (max-width: 225px) 100vw, 225px\" \/><\/div><a class=\"wp-block-latest-posts__post-title\" href=\"https:\/\/auxdelicesdecaroline.com\/de\/menu-8-diner-de-printemps-elegant-et-raffine-ideal-pour-paques\/\">MENU 8 - ELEGANTES UND RAFFINIERTES FR\u00dcHLINGSDINNER (IDEAL F\u00dcR OSTERN)<\/a><time datetime=\"2026-03-08T09:48:15+02:00\" class=\"wp-block-latest-posts__post-date\">M\u00e4rz 8, 2026<\/time><\/li>\n<li><div class=\"wp-block-latest-posts__featured-image alignleft\"><img loading=\"lazy\" decoding=\"async\" width=\"225\" height=\"300\" src=\"https:\/\/auxdelicesdecaroline.com\/wp-content\/uploads\/2026\/02\/Menu-7-fevrier-225x300.jpeg\" class=\"attachment-medium size-medium wp-post-image\" alt=\"\" style=\"\" srcset=\"https:\/\/auxdelicesdecaroline.com\/wp-content\/uploads\/2026\/02\/Menu-7-fevrier-225x300.jpeg 225w, https:\/\/auxdelicesdecaroline.com\/wp-content\/uploads\/2026\/02\/Menu-7-fevrier-768x1024.jpeg 768w, https:\/\/auxdelicesdecaroline.com\/wp-content\/uploads\/2026\/02\/Menu-7-fevrier-450x600.jpeg 450w, https:\/\/auxdelicesdecaroline.com\/wp-content\/uploads\/2026\/02\/Menu-7-fevrier-1152x1536.jpeg 1152w, https:\/\/auxdelicesdecaroline.com\/wp-content\/uploads\/2026\/02\/Menu-7-fevrier-9x12.jpeg 9w, https:\/\/auxdelicesdecaroline.com\/wp-content\/uploads\/2026\/02\/Menu-7-fevrier-45x60.jpeg 45w, https:\/\/auxdelicesdecaroline.com\/wp-content\/uploads\/2026\/02\/Menu-7-fevrier-360x480.jpeg 360w, https:\/\/auxdelicesdecaroline.com\/wp-content\/uploads\/2026\/02\/Menu-7-fevrier.jpeg 1500w\" sizes=\"auto, (max-width: 225px) 100vw, 225px\" \/><\/div><a class=\"wp-block-latest-posts__post-title\" href=\"https:\/\/auxdelicesdecaroline.com\/de\/menu-7-diner-dhiver-frais-equilibre-et-raffinee\/\">MEN\u00dc 7 - FRISCHES, AUSGEWOGENES UND RAFFINIERTES WINTERDINNER<\/a><time datetime=\"2026-02-06T10:25:37+02:00\" class=\"wp-block-latest-posts__post-date\">Februar 6, 2026<\/time><\/li>\n<li><div class=\"wp-block-latest-posts__featured-image alignleft\"><img loading=\"lazy\" decoding=\"async\" width=\"225\" height=\"300\" src=\"https:\/\/auxdelicesdecaroline.com\/wp-content\/uploads\/2025\/12\/Menu-6-janvier-225x300.jpeg\" class=\"attachment-medium size-medium wp-post-image\" alt=\"\" style=\"\" srcset=\"https:\/\/auxdelicesdecaroline.com\/wp-content\/uploads\/2025\/12\/Menu-6-janvier-225x300.jpeg 225w, https:\/\/auxdelicesdecaroline.com\/wp-content\/uploads\/2025\/12\/Menu-6-janvier-768x1024.jpeg 768w, https:\/\/auxdelicesdecaroline.com\/wp-content\/uploads\/2025\/12\/Menu-6-janvier-450x600.jpeg 450w, https:\/\/auxdelicesdecaroline.com\/wp-content\/uploads\/2025\/12\/Menu-6-janvier-1152x1536.jpeg 1152w, https:\/\/auxdelicesdecaroline.com\/wp-content\/uploads\/2025\/12\/Menu-6-janvier-9x12.jpeg 9w, https:\/\/auxdelicesdecaroline.com\/wp-content\/uploads\/2025\/12\/Menu-6-janvier-45x60.jpeg 45w, https:\/\/auxdelicesdecaroline.com\/wp-content\/uploads\/2025\/12\/Menu-6-janvier-360x480.jpeg 360w, https:\/\/auxdelicesdecaroline.com\/wp-content\/uploads\/2025\/12\/Menu-6-janvier.jpeg 1500w\" sizes=\"auto, (max-width: 225px) 100vw, 225px\" \/><\/div><a class=\"wp-block-latest-posts__post-title\" href=\"https:\/\/auxdelicesdecaroline.com\/de\/menu-6-diner-fondue-dhiver-elegant-et-convivial\/\">Men\u00fc 6 - Elegantes und geselliges Winterfondue-Dinner<\/a><time datetime=\"2026-01-15T15:45:00+02:00\" class=\"wp-block-latest-posts__post-date\">Januar 15, 2026<\/time><\/li>\n<li><div class=\"wp-block-latest-posts__featured-image alignleft\"><img loading=\"lazy\" decoding=\"async\" width=\"225\" height=\"300\" src=\"https:\/\/auxdelicesdecaroline.com\/wp-content\/uploads\/2025\/12\/AddC_Menu5_Diner_d_hiver_prepare_a_l_avance_et_congelable-225x300.jpg\" class=\"attachment-medium size-medium wp-post-image\" alt=\"\" style=\"\" srcset=\"https:\/\/auxdelicesdecaroline.com\/wp-content\/uploads\/2025\/12\/AddC_Menu5_Diner_d_hiver_prepare_a_l_avance_et_congelable-225x300.jpg 225w, https:\/\/auxdelicesdecaroline.com\/wp-content\/uploads\/2025\/12\/AddC_Menu5_Diner_d_hiver_prepare_a_l_avance_et_congelable-768x1024.jpg 768w, https:\/\/auxdelicesdecaroline.com\/wp-content\/uploads\/2025\/12\/AddC_Menu5_Diner_d_hiver_prepare_a_l_avance_et_congelable-450x600.jpg 450w, https:\/\/auxdelicesdecaroline.com\/wp-content\/uploads\/2025\/12\/AddC_Menu5_Diner_d_hiver_prepare_a_l_avance_et_congelable-1152x1536.jpg 1152w, https:\/\/auxdelicesdecaroline.com\/wp-content\/uploads\/2025\/12\/AddC_Menu5_Diner_d_hiver_prepare_a_l_avance_et_congelable-9x12.jpg 9w, https:\/\/auxdelicesdecaroline.com\/wp-content\/uploads\/2025\/12\/AddC_Menu5_Diner_d_hiver_prepare_a_l_avance_et_congelable-45x60.jpg 45w, https:\/\/auxdelicesdecaroline.com\/wp-content\/uploads\/2025\/12\/AddC_Menu5_Diner_d_hiver_prepare_a_l_avance_et_congelable-360x480.jpg 360w, https:\/\/auxdelicesdecaroline.com\/wp-content\/uploads\/2025\/12\/AddC_Menu5_Diner_d_hiver_prepare_a_l_avance_et_congelable.jpg 1500w\" sizes=\"auto, (max-width: 225px) 100vw, 225px\" \/><\/div><a class=\"wp-block-latest-posts__post-title\" href=\"https:\/\/auxdelicesdecaroline.com\/de\/menu-5-diner-dhiver-prepare-a-lavance-festif-et-convivial\/\">Men\u00fc 5 \u2013 Vorbereitete Wintergerichte, festlich und gesellig<\/a><time datetime=\"2025-12-07T00:35:50+02:00\" class=\"wp-block-latest-posts__post-date\">7. Dezember 2025<\/time><\/li>\n<li><div class=\"wp-block-latest-posts__featured-image alignleft\"><img loading=\"lazy\" decoding=\"async\" width=\"225\" height=\"300\" src=\"https:\/\/auxdelicesdecaroline.com\/wp-content\/uploads\/2025\/12\/Schmida-Christbaum-225x300.jpg\" class=\"attachment-medium size-medium wp-post-image\" alt=\"\" style=\"\" srcset=\"https:\/\/auxdelicesdecaroline.com\/wp-content\/uploads\/2025\/12\/Schmida-Christbaum-225x300.jpg 225w, https:\/\/auxdelicesdecaroline.com\/wp-content\/uploads\/2025\/12\/Schmida-Christbaum-768x1024.jpg 768w, https:\/\/auxdelicesdecaroline.com\/wp-content\/uploads\/2025\/12\/Schmida-Christbaum-450x600.jpg 450w, https:\/\/auxdelicesdecaroline.com\/wp-content\/uploads\/2025\/12\/Schmida-Christbaum-1152x1536.jpg 1152w, https:\/\/auxdelicesdecaroline.com\/wp-content\/uploads\/2025\/12\/Schmida-Christbaum-9x12.jpg 9w, https:\/\/auxdelicesdecaroline.com\/wp-content\/uploads\/2025\/12\/Schmida-Christbaum-45x60.jpg 45w, https:\/\/auxdelicesdecaroline.com\/wp-content\/uploads\/2025\/12\/Schmida-Christbaum-360x480.jpg 360w, https:\/\/auxdelicesdecaroline.com\/wp-content\/uploads\/2025\/12\/Schmida-Christbaum.jpg 1200w\" sizes=\"auto, (max-width: 225px) 100vw, 225px\" \/><\/div><a class=\"wp-block-latest-posts__post-title\" href=\"https:\/\/auxdelicesdecaroline.com\/de\/noel-de-mon-enfance\/\">Weihnachten meiner Kindheit<\/a><time datetime=\"2025-12-07T00:31:13+02:00\" class=\"wp-block-latest-posts__post-date\">7. Dezember 2025<\/time><\/li>\n<li><div class=\"wp-block-latest-posts__featured-image alignleft\"><img loading=\"lazy\" decoding=\"async\" width=\"142\" height=\"300\" src=\"https:\/\/auxdelicesdecaroline.com\/wp-content\/uploads\/2025\/11\/AddC_Menu4_Diner_dautome_raffine_et_festif-142x300.jpg\" class=\"attachment-medium size-medium wp-post-image\" alt=\"\" style=\"\" srcset=\"https:\/\/auxdelicesdecaroline.com\/wp-content\/uploads\/2025\/11\/AddC_Menu4_Diner_dautome_raffine_et_festif-142x300.jpg 142w, https:\/\/auxdelicesdecaroline.com\/wp-content\/uploads\/2025\/11\/AddC_Menu4_Diner_dautome_raffine_et_festif-485x1024.jpg 485w, https:\/\/auxdelicesdecaroline.com\/wp-content\/uploads\/2025\/11\/AddC_Menu4_Diner_dautome_raffine_et_festif-768x1623.jpg 768w, https:\/\/auxdelicesdecaroline.com\/wp-content\/uploads\/2025\/11\/AddC_Menu4_Diner_dautome_raffine_et_festif-727x1536.jpg 727w, https:\/\/auxdelicesdecaroline.com\/wp-content\/uploads\/2025\/11\/AddC_Menu4_Diner_dautome_raffine_et_festif-6x12.jpg 6w, https:\/\/auxdelicesdecaroline.com\/wp-content\/uploads\/2025\/11\/AddC_Menu4_Diner_dautome_raffine_et_festif-28x60.jpg 28w, https:\/\/auxdelicesdecaroline.com\/wp-content\/uploads\/2025\/11\/AddC_Menu4_Diner_dautome_raffine_et_festif.jpg 954w\" sizes=\"auto, (max-width: 142px) 100vw, 142px\" \/><\/div><a class=\"wp-block-latest-posts__post-title\" href=\"https:\/\/auxdelicesdecaroline.com\/de\/menu-n4-un-diner-dautomne-raffine-et-festif\/\">Men\u00fc Nr. 4 - Ein raffiniertes und festliches Herbstdinner<\/a><time datetime=\"2025-11-19T09:59:29+02:00\" class=\"wp-block-latest-posts__post-date\">19. November 2025<\/time><\/li>\n<li><div class=\"wp-block-latest-posts__featured-image alignleft\"><img loading=\"lazy\" decoding=\"async\" width=\"225\" height=\"300\" src=\"https:\/\/auxdelicesdecaroline.com\/wp-content\/uploads\/2025\/11\/Wellington-vegetarien-avec-sa-sauce-au-raifort1-225x300.jpg\" class=\"attachment-medium size-medium wp-post-image\" alt=\"\" style=\"\" srcset=\"https:\/\/auxdelicesdecaroline.com\/wp-content\/uploads\/2025\/11\/Wellington-vegetarien-avec-sa-sauce-au-raifort1-225x300.jpg 225w, https:\/\/auxdelicesdecaroline.com\/wp-content\/uploads\/2025\/11\/Wellington-vegetarien-avec-sa-sauce-au-raifort1-768x1024.jpg 768w, https:\/\/auxdelicesdecaroline.com\/wp-content\/uploads\/2025\/11\/Wellington-vegetarien-avec-sa-sauce-au-raifort1-450x600.jpg 450w, https:\/\/auxdelicesdecaroline.com\/wp-content\/uploads\/2025\/11\/Wellington-vegetarien-avec-sa-sauce-au-raifort1-1152x1536.jpg 1152w, https:\/\/auxdelicesdecaroline.com\/wp-content\/uploads\/2025\/11\/Wellington-vegetarien-avec-sa-sauce-au-raifort1-9x12.jpg 9w, https:\/\/auxdelicesdecaroline.com\/wp-content\/uploads\/2025\/11\/Wellington-vegetarien-avec-sa-sauce-au-raifort1-45x60.jpg 45w, https:\/\/auxdelicesdecaroline.com\/wp-content\/uploads\/2025\/11\/Wellington-vegetarien-avec-sa-sauce-au-raifort1-360x480.jpg 360w, https:\/\/auxdelicesdecaroline.com\/wp-content\/uploads\/2025\/11\/Wellington-vegetarien-avec-sa-sauce-au-raifort1.jpg 1500w\" sizes=\"auto, (max-width: 225px) 100vw, 225px\" \/><\/div><a class=\"wp-block-latest-posts__post-title\" href=\"https:\/\/auxdelicesdecaroline.com\/de\/wellington-vegetarien-avec-sa-sauce-au-raifort\/\">Vegetarisches Wellington mit Meerrettichsauce<\/a><time datetime=\"2025-11-19T09:53:21+02:00\" class=\"wp-block-latest-posts__post-date\">19. November 2025<\/time><\/li>\n<li><div class=\"wp-block-latest-posts__featured-image alignleft\"><img loading=\"lazy\" decoding=\"async\" width=\"231\" height=\"300\" src=\"https:\/\/auxdelicesdecaroline.com\/wp-content\/uploads\/2025\/10\/Advent-PDF1-231x300.jpg\" class=\"attachment-medium size-medium wp-post-image\" alt=\"\" style=\"\" srcset=\"https:\/\/auxdelicesdecaroline.com\/wp-content\/uploads\/2025\/10\/Advent-PDF1-231x300.jpg 231w, https:\/\/auxdelicesdecaroline.com\/wp-content\/uploads\/2025\/10\/Advent-PDF1-790x1024.jpg 790w, https:\/\/auxdelicesdecaroline.com\/wp-content\/uploads\/2025\/10\/Advent-PDF1-768x995.jpg 768w, https:\/\/auxdelicesdecaroline.com\/wp-content\/uploads\/2025\/10\/Advent-PDF1-9x12.jpg 9w, https:\/\/auxdelicesdecaroline.com\/wp-content\/uploads\/2025\/10\/Advent-PDF1-46x60.jpg 46w, https:\/\/auxdelicesdecaroline.com\/wp-content\/uploads\/2025\/10\/Advent-PDF1.jpg 1078w\" sizes=\"auto, (max-width: 231px) 100vw, 231px\" \/><\/div><a class=\"wp-block-latest-posts__post-title\" href=\"https:\/\/auxdelicesdecaroline.com\/de\/lavent-chez-moi\/\">Advent bei mir zu Hause<\/a><time datetime=\"2025-11-08T14:23:02+02:00\" class=\"wp-block-latest-posts__post-date\">November 8, 2025<\/time><\/li>\n<li><div class=\"wp-block-latest-posts__featured-image alignleft\"><img loading=\"lazy\" decoding=\"async\" width=\"225\" height=\"300\" src=\"https:\/\/auxdelicesdecaroline.com\/wp-content\/uploads\/2025\/10\/Menu3-225x300.jpg\" class=\"attachment-medium size-medium wp-post-image\" alt=\"\" style=\"\" srcset=\"https:\/\/auxdelicesdecaroline.com\/wp-content\/uploads\/2025\/10\/Menu3-225x300.jpg 225w, https:\/\/auxdelicesdecaroline.com\/wp-content\/uploads\/2025\/10\/Menu3-768x1024.jpg 768w, https:\/\/auxdelicesdecaroline.com\/wp-content\/uploads\/2025\/10\/Menu3-450x600.jpg 450w, https:\/\/auxdelicesdecaroline.com\/wp-content\/uploads\/2025\/10\/Menu3-1152x1536.jpg 1152w, https:\/\/auxdelicesdecaroline.com\/wp-content\/uploads\/2025\/10\/Menu3-9x12.jpg 9w, https:\/\/auxdelicesdecaroline.com\/wp-content\/uploads\/2025\/10\/Menu3-45x60.jpg 45w, https:\/\/auxdelicesdecaroline.com\/wp-content\/uploads\/2025\/10\/Menu3-360x480.jpg 360w, https:\/\/auxdelicesdecaroline.com\/wp-content\/uploads\/2025\/10\/Menu3.jpg 1500w\" sizes=\"auto, (max-width: 225px) 100vw, 225px\" \/><\/div><a class=\"wp-block-latest-posts__post-title\" href=\"https:\/\/auxdelicesdecaroline.com\/de\/menu-n3-un-diner-automnal-raffine-et-gourmand\/\">Men\u00fc Nr. 3 - Ein raffiniertes Herbstdinner mit Gaumenfreuden<\/a><time datetime=\"2025-11-08T14:22:25+02:00\" class=\"wp-block-latest-posts__post-date\">November 8, 2025<\/time><\/li>\n<li><div class=\"wp-block-latest-posts__featured-image alignleft\"><img loading=\"lazy\" decoding=\"async\" width=\"225\" height=\"300\" src=\"https:\/\/auxdelicesdecaroline.com\/wp-content\/uploads\/2025\/10\/AddC_Menu2_Diner_raffine_d_automne_en_semaine-225x300.jpg\" class=\"attachment-medium size-medium wp-post-image\" alt=\"\" style=\"\" srcset=\"https:\/\/auxdelicesdecaroline.com\/wp-content\/uploads\/2025\/10\/AddC_Menu2_Diner_raffine_d_automne_en_semaine-225x300.jpg 225w, https:\/\/auxdelicesdecaroline.com\/wp-content\/uploads\/2025\/10\/AddC_Menu2_Diner_raffine_d_automne_en_semaine-768x1024.jpg 768w, https:\/\/auxdelicesdecaroline.com\/wp-content\/uploads\/2025\/10\/AddC_Menu2_Diner_raffine_d_automne_en_semaine-450x600.jpg 450w, https:\/\/auxdelicesdecaroline.com\/wp-content\/uploads\/2025\/10\/AddC_Menu2_Diner_raffine_d_automne_en_semaine-1152x1536.jpg 1152w, https:\/\/auxdelicesdecaroline.com\/wp-content\/uploads\/2025\/10\/AddC_Menu2_Diner_raffine_d_automne_en_semaine-9x12.jpg 9w, https:\/\/auxdelicesdecaroline.com\/wp-content\/uploads\/2025\/10\/AddC_Menu2_Diner_raffine_d_automne_en_semaine-45x60.jpg 45w, https:\/\/auxdelicesdecaroline.com\/wp-content\/uploads\/2025\/10\/AddC_Menu2_Diner_raffine_d_automne_en_semaine-360x480.jpg 360w, https:\/\/auxdelicesdecaroline.com\/wp-content\/uploads\/2025\/10\/AddC_Menu2_Diner_raffine_d_automne_en_semaine.jpg 1500w\" sizes=\"auto, (max-width: 225px) 100vw, 225px\" \/><\/div><a class=\"wp-block-latest-posts__post-title\" href=\"https:\/\/auxdelicesdecaroline.com\/de\/menu-n2-pour-un-diner-raffine-en-semaine\/\">Men\u00fc Nr. 2 - F\u00fcr ein feines Abendessen unter der Woche<\/a><time datetime=\"2025-11-08T14:21:56+02:00\" class=\"wp-block-latest-posts__post-date\">November 8, 2025<\/time><\/li>\n<li><div class=\"wp-block-latest-posts__featured-image alignleft\"><img loading=\"lazy\" decoding=\"async\" width=\"225\" height=\"300\" src=\"https:\/\/auxdelicesdecaroline.com\/wp-content\/uploads\/2025\/09\/menu-1-1-225x300.jpeg\" class=\"attachment-medium size-medium wp-post-image\" alt=\"\" style=\"\" srcset=\"https:\/\/auxdelicesdecaroline.com\/wp-content\/uploads\/2025\/09\/menu-1-1-225x300.jpeg 225w, https:\/\/auxdelicesdecaroline.com\/wp-content\/uploads\/2025\/09\/menu-1-1-768x1024.jpeg 768w, https:\/\/auxdelicesdecaroline.com\/wp-content\/uploads\/2025\/09\/menu-1-1-450x600.jpeg 450w, https:\/\/auxdelicesdecaroline.com\/wp-content\/uploads\/2025\/09\/menu-1-1-1152x1536.jpeg 1152w, https:\/\/auxdelicesdecaroline.com\/wp-content\/uploads\/2025\/09\/menu-1-1-9x12.jpeg 9w, https:\/\/auxdelicesdecaroline.com\/wp-content\/uploads\/2025\/09\/menu-1-1-45x60.jpeg 45w, https:\/\/auxdelicesdecaroline.com\/wp-content\/uploads\/2025\/09\/menu-1-1-360x480.jpeg 360w, https:\/\/auxdelicesdecaroline.com\/wp-content\/uploads\/2025\/09\/menu-1-1.jpeg 1500w\" sizes=\"auto, (max-width: 225px) 100vw, 225px\" \/><\/div><a class=\"wp-block-latest-posts__post-title\" href=\"https:\/\/auxdelicesdecaroline.com\/de\/menu-n1-pour-un-diner-en-semaine\/\">Men\u00fc Nr. 1 - F\u00fcr ein Abendessen unter der Woche<\/a><time datetime=\"2025-11-08T14:21:19+02:00\" class=\"wp-block-latest-posts__post-date\">November 8, 2025<\/time><\/li>\n<\/ul>\n\n\n<p><\/p>","protected":false},"excerpt":{"rendered":"","protected":false},"author":2,"featured_media":0,"parent":5769,"menu_order":0,"comment_status":"closed","ping_status":"closed","template":"","meta":{"footnotes":""},"class_list":["post-5912","page","type-page","status-publish","hentry"],"_links":{"self":[{"href":"https:\/\/auxdelicesdecaroline.com\/de\/wp-json\/wp\/v2\/pages\/5912","targetHints":{"allow":["GET"]}}],"collection":[{"href":"https:\/\/auxdelicesdecaroline.com\/de\/wp-json\/wp\/v2\/pages"}],"about":[{"href":"https:\/\/auxdelicesdecaroline.com\/de\/wp-json\/wp\/v2\/types\/page"}],"author":[{"embeddable":true,"href":"https:\/\/auxdelicesdecaroline.com\/de\/wp-json\/wp\/v2\/users\/2"}],"replies":[{"embeddable":true,"href":"https:\/\/auxdelicesdecaroline.com\/de\/wp-json\/wp\/v2\/comments?post=5912"}],"version-history":[{"count":3,"href":"https:\/\/auxdelicesdecaroline.com\/de\/wp-json\/wp\/v2\/pages\/5912\/revisions"}],"predecessor-version":[{"id":6017,"href":"https:\/\/auxdelicesdecaroline.com\/de\/wp-json\/wp\/v2\/pages\/5912\/revisions\/6017"}],"up":[{"embeddable":true,"href":"https:\/\/auxdelicesdecaroline.com\/de\/wp-json\/wp\/v2\/pages\/5769"}],"wp:attachment":[{"href":"https:\/\/auxdelicesdecaroline.com\/de\/wp-json\/wp\/v2\/media?parent=5912"}],"curies":[{"name":"wp","href":"https:\/\/api.w.org\/{rel}","templated":true}]}}