{"id":5768,"date":"2025-11-02T13:39:32","date_gmt":"2025-11-02T11:39:32","guid":{"rendered":"https:\/\/auxdelicesdecaroline.com\/register\/"},"modified":"2026-04-08T23:02:38","modified_gmt":"2026-04-08T21:02:38","slug":"register","status":"publish","type":"page","link":"https:\/\/auxdelicesdecaroline.com\/de\/register\/","title":{"rendered":"Premium-Mitglied werden"},"content":{"rendered":"<div class=\"wp-block-buttons is-content-justification-center is-layout-flex wp-container-core-buttons-is-layout-16018d1d wp-block-buttons-is-layout-flex\">\n<div class=\"wp-block-button\"><a class=\"wp-block-button__link has-white-color has-text-color has-background has-link-color wp-element-button\" href=\"https:\/\/auxdelicesdecaroline.com\/de\/register\/login\/\" style=\"background-color:#107027\">Bist du bereits Mitglied? Klicken Sie hier<\/a><\/div>\n<\/div>\n\n\n<h3>M\u00fcssen Sie eine wichtige Mahlzeit organisieren?<\/h3>\n<p>Eine <strong>Abendessen mit Freunden<\/strong>ein <strong>Familienessen<\/strong>, <br \/>eine <strong>Taufe<\/strong> oder eine <strong>Kommunion<\/strong>\u2026<\/p>\n<p>und immer wieder die gleiche Frage:<\/p>\n<p>Was bereite ich vor, damit es sch\u00f6n und gut wird?<br \/>ohne meinen Tag in der K\u00fcche zu verbringen?<\/p>\n<p>Genau aus diesem Grund habe ich den Premium-Bereich eingerichtet.<\/p>\n<h3>Im Premium-Bereich finden Sie nicht nur Rezepte.<\/h3>\n<p>Sie finden einen einfachen Weg, um zu empfangen :<\/p>\n<p>- komplette Men\u00fcs, die bereits auf Sie zugeschnitten sind <br \/>- eine klare Organisation, Schritt f\u00fcr Schritt <br \/>- zuverl\u00e4ssige Rezepte, die immer wirken<\/p>\n<p>Sie wissen, was Sie tun m\u00fcssen, in welcher Reihenfolge... <br \/>und genie\u00dfen Sie endlich Ihre G\u00e4ste.<\/p>\n<h3>Jedes Men\u00fc ist so gestaltet, dass es Ihnen das Leben leichter macht:<\/h3>\n<p>- Vorspeise, Hauptgericht, Dessert <br \/>- gebrauchsfertige Einkaufsliste <br \/>- Organisationsplan \u00fcber mehrere Tage<\/p>\n<p>Es ist alles geplant. Sie folgen und es funktioniert.<\/p>\n<hr data-start=\"2189\" data-end=\"2192\" \/>\n<h3 data-start=\"2194\" data-end=\"2239\">W\u00e4hlen Sie die Formel, die zu Ihnen passt<\/h3>\n<p data-start=\"2241\" data-end=\"2379\"><strong data-start=\"2244\" data-end=\"2266\">Jahresabonnement : <\/strong>49 \u20ac pro Jahr - das entspricht 4 geschenkten Monaten.<\/p>\n<p data-start=\"2241\" data-end=\"2379\"><strong data-start=\"2244\" data-end=\"2266\">Monatliches Abonnement<\/strong> : 6.90 \u20ac \/ Monat (automatische Verl\u00e4ngerung - jederzeit k\u00fcndbar)<\/p>\n<p data-start=\"2381\" data-end=\"2555\">Sie k\u00f6nnen Ihr Abonnement jederzeit \u00fcber Ihr Konto beenden.<br data-start=\"2452\" data-end=\"2455\" \/>Die Zahlung erfolgt sicher \u00fcber PayPal - Sie k\u00f6nnen auch per Bank\u00fcberweisung ohne PayPal-Konto bezahlen.<\/p>\n<hr data-start=\"2557\" data-end=\"2560\" \/>\n<p data-start=\"2562\" data-end=\"2686\"><em data-start=\"2566\" data-end=\"2686\">Danke, dass Sie hier sind - Ihre Unterst\u00fctzung erm\u00f6glicht es mir, meine Rezepte weiterhin ohne Werbung, mit Sorgfalt und Aufrichtigkeit zu teilen.<\/em><\/p>\n\n<h3 class=\"rcp_header\">\n\tRegister New Account<\/h3>\n\n\n<form id=\"rcp_registration_form\" class=\"rcp_form\" method=\"POST\" action=\"https:\/\/auxdelicesdecaroline.com\/de\/wp-json\/wp\/v2\/pages\/5768\/\" data-trp-original-action=\"https:\/\/auxdelicesdecaroline.com\/de\/wp-json\/wp\/v2\/pages\/5768\/\">\n\n\t\n\t\t\t<div class=\"rcp_login_link\">\n\t\t\t<p><a href=\"https:\/\/auxdelicesdecaroline.com\/de\/register\/login\/?redirect=https%3A%2F%2Fauxdelicesdecaroline.com%2Fde%2Fwp-json%2Fwp%2Fv2%2Fpages%2F5768%2F\">Log in<\/a> um eine bestehende Mitgliedschaft zu erneuern oder zu \u00e4ndern.<\/p>\n\t\t<\/div>\n\n\t\t\n\t\t<fieldset class=\"rcp_user_fieldset\">\n\t\t\t<p id=\"rcp_user_login_wrap\">\n\t\t\t\t<label for=\"rcp_user_login\">Username<\/label>\n\t\t\t\t<input name=\"rcp_user_login\" id=\"rcp_user_login\" class=\"required\" type=\"text\" \/>\n\t\t\t<\/p>\n\t\t\t<p id=\"rcp_user_email_wrap\">\n\t\t\t\t<label for=\"rcp_user_email\">E-Mail<\/label>\n\t\t\t\t<input name=\"rcp_user_email\" id=\"rcp_user_email\" class=\"required\" type=\"text\" \/>\n\t\t\t<\/p>\n\t\t\t<p id=\"rcp_user_first_wrap\" class=\"inline\">\n\t\t\t\t<label for=\"rcp_user_first\">First Name<\/label>\n\t\t\t\t<input name=\"rcp_user_first\" id=\"rcp_user_first\" type=\"text\" \/>\n\t\t\t<\/p>\n\t\t\t<p id=\"rcp_user_last_wrap\" class=\"inline-block\">\n\t\t\t\t<label for=\"rcp_user_last\">Last Name<\/label>\n\t\t\t\t<input name=\"rcp_user_last\" id=\"rcp_user_last\" type=\"text\" \/>\n\t\t\t<\/p>\n\t\t\t<p id=\"rcp_password_wrap\" class=\"inline\">\n\t\t\t\t<label for=\"rcp_password\">Passwort<\/label>\n\t\t\t\t<input name=\"rcp_user_pass\" id=\"rcp_password\" class=\"required\" type=\"password\"\/>\n\t\t\t<\/p>\n\t\t\t<p id=\"rcp_password_again_wrap\" class=\"inline-block\">\n\t\t\t\t<label for=\"rcp_password_again\">Password Again<\/label>\n\t\t\t\t<input name=\"rcp_user_pass_confirm\" id=\"rcp_password_again\" class=\"required\" type=\"password\"\/>\n\t\t\t<\/p>\n\n\t\t\t\n\t\t<\/fieldset>\n\t\n\t\n\t\t\t\t<fieldset class=\"rcp_subscription_fieldset\">\n\t\t\t\t\t\t\t\t\t<p class=\"rcp_subscription_message\">W\u00e4hlen Sie Ihre Mitgliedschaftsstufe<\/p>\n\t\t\t\t\t\t<ul id=\"rcp_subscription_levels\">\n\t\t\t\t\t\t\t\t\t\t\t\t\t\t<li class=\"rcp_subscription_level rcp_subscription_level_4\">\n\t\t\t\t\t\t<input type=\"radio\" id=\"rcp_subscription_level_4\" class=\"required rcp_level\" checked=\"checked\" name=\"rcp_level\" rel=\"49\" value=\"4\" \/>\n\t\t\t\t\t\t<label for=\"rcp_subscription_level_4\">\n\t\t\t\t\t\t\t<span class=\"rcp_subscription_level_name\">Premium j\u00e4hrlich<\/span><span class=\"rcp_separator\">&nbsp;-&nbsp;<\/span><span class=\"rcp_price\" rel=\"49\">49,00&#8364;<\/span><span class=\"rcp_separator\">&nbsp;-&nbsp;<\/span>\n\t\t\t\t\t\t\t<span class=\"rcp_level_duration\">1 Jahr<\/span>\n\t\t\t\t\t\t\t\t\t\t\t\t\t\t<div class=\"rcp_level_description\"> - entspricht 4 geschenkten Monaten - 12 Monate lang vollen Zugang zu allen Rezepten des Premiums.<\/div>\n\t\t\t\t\t\t<\/label>\n\t\t\t\t\t<\/li>\n\t\t\t\t\t\t\t\t\t\t\t\t\t\t\t\t\t\t\t<li class=\"rcp_subscription_level rcp_subscription_level_3\">\n\t\t\t\t\t\t<input type=\"radio\" id=\"rcp_subscription_level_3\" class=\"required rcp_level\"  name=\"rcp_level\" rel=\"6.9\" value=\"3\" \/>\n\t\t\t\t\t\t<label for=\"rcp_subscription_level_3\">\n\t\t\t\t\t\t\t<span class=\"rcp_subscription_level_name\">Monatliche Premium<\/span><span class=\"rcp_separator\">&nbsp;-&nbsp;<\/span><span class=\"rcp_price\" rel=\"6.9\">6,90&#8364;<\/span><span class=\"rcp_separator\">&nbsp;-&nbsp;<\/span>\n\t\t\t\t\t\t\t<span class=\"rcp_level_duration\">1 Monat<\/span>\n\t\t\t\t\t\t\t\t\t\t\t\t\t\t<div class=\"rcp_level_description\"> Voller Zugriff auf alle Rezepte des Premiums.<\/div>\n\t\t\t\t\t\t<\/label>\n\t\t\t\t\t<\/li>\n\t\t\t\t\t\t\t\t\t\t\t\t<\/ul>\n\t\t\t\t<\/fieldset>\n\t\t\t<fieldset class=\"rcp_discounts_fieldset\">\n\t\t\t<p id=\"rcp_discount_code_wrap\">\n\t\t\t\t<label for=\"rcp_discount_code\">\n\t\t\t\t\tDiscount Code\t\t\t\t\t<span class=\"rcp_discount_valid\" style=\"display: none;\"> - Valid<\/span>\n\t\t\t\t\t<span class=\"rcp_discount_invalid\" style=\"display: none;\"> - Ung\u00fcltig<\/span>\n\t\t\t\t<\/label>\n\t\t\t\t<span class=\"rcp_discount_code_field_wrap\">\n\t\t\t\t\t<input type=\"text\" id=\"rcp_discount_code\" name=\"rcp_discount\" class=\"rcp_discount_code\" value=\"\"\/>\n\t\t\t\t\t<button class=\"rcp_button\" id=\"rcp_apply_discount\">Apply<\/button>\n\t\t\t\t<\/span>\n\t\t\t<\/p>\n\t\t<\/fieldset>\n\t\t<div class=\"rcp_registration_total\"><\/div>\n\t\t\t<div class=\"rcp_gateway_fields\">\n\t\t\t\t\t\t\t\t\t\t\t\t<input type=\"hidden\" name=\"rcp_gateway\" value=\"paypal\" data-supports-recurring=\"yes\" data-supports-trial=\"yes\"\/>\n\t\t\t\t\t\t\t\t\t<\/div>\n\t\n\t\n\t\n\t\t\t<p id=\"rcp_auto_renew_wrap\">\n\t\t\t<input name=\"rcp_auto_renew\" id=\"rcp_auto_renew\" type=\"checkbox\" \/>\n\t\t\t<label for=\"rcp_auto_renew\">Auto Renew<\/label>\n\t\t<\/p>\n\t\t<input type=\"hidden\" id=\"rcp-registration-type\" name=\"registration_type\" value=\"\" \/>\n\t<input type=\"hidden\" id=\"rcp-membership-id\" name=\"membership_id\" value=\"0\" \/>\n\t<input type=\"hidden\" id=\"rcp-payment-id\" name=\"rcp_registration_payment_id\" value=\"0\" \/>\n\t\n\t\n\t<p id=\"rcp_submit_wrap\">\n\t\t\t\t<input type=\"hidden\" name=\"rcp_register_nonce\" value=\"00a3551915\"\/>\n\t\t<input type=\"submit\" name=\"rcp_submit_registration\" id=\"rcp_submit\" class=\"rcp-button\" value=\"Registrieren\"\/>\n\t<\/p>\n<input type=\"hidden\" name=\"trp-form-language\" value=\"de\"\/><\/form>\n\n\n\n<p><\/p>","protected":false},"excerpt":{"rendered":"<p>M\u00fcssen Sie ein wichtiges Essen organisieren? Ein Abendessen mit Freunden, ein Familienessen, eine Taufe oder Kommunion ... und immer wieder die gleiche Frage: Was soll ich vorbereiten, damit es sch\u00f6n und gut wird ... ohne den ganzen Tag ... <\/p>","protected":false},"author":2,"featured_media":0,"parent":0,"menu_order":0,"comment_status":"closed","ping_status":"closed","template":"","meta":{"footnotes":""},"class_list":["post-5768","page","type-page","status-publish","hentry"],"_links":{"self":[{"href":"https:\/\/auxdelicesdecaroline.com\/de\/wp-json\/wp\/v2\/pages\/5768","targetHints":{"allow":["GET"]}}],"collection":[{"href":"https:\/\/auxdelicesdecaroline.com\/de\/wp-json\/wp\/v2\/pages"}],"about":[{"href":"https:\/\/auxdelicesdecaroline.com\/de\/wp-json\/wp\/v2\/types\/page"}],"author":[{"embeddable":true,"href":"https:\/\/auxdelicesdecaroline.com\/de\/wp-json\/wp\/v2\/users\/2"}],"replies":[{"embeddable":true,"href":"https:\/\/auxdelicesdecaroline.com\/de\/wp-json\/wp\/v2\/comments?post=5768"}],"version-history":[{"count":30,"href":"https:\/\/auxdelicesdecaroline.com\/de\/wp-json\/wp\/v2\/pages\/5768\/revisions"}],"predecessor-version":[{"id":6402,"href":"https:\/\/auxdelicesdecaroline.com\/de\/wp-json\/wp\/v2\/pages\/5768\/revisions\/6402"}],"wp:attachment":[{"href":"https:\/\/auxdelicesdecaroline.com\/de\/wp-json\/wp\/v2\/media?parent=5768"}],"curies":[{"name":"wp","href":"https:\/\/api.w.org\/{rel}","templated":true}]}}