{"id":135,"date":"2019-01-11T08:20:34","date_gmt":"2019-01-11T08:20:34","guid":{"rendered":"https:\/\/tmp.auxdelicesdecaroline.com\/about\/"},"modified":"2026-04-17T16:46:19","modified_gmt":"2026-04-17T14:46:19","slug":"a-propos","status":"publish","type":"page","link":"https:\/\/auxdelicesdecaroline.com\/de\/a-propos\/","title":{"rendered":"\u00dcber"},"content":{"rendered":"<div class=\"wp-block-image\">\n<figure class=\"aligncenter size-large is-resized\"><img loading=\"lazy\" decoding=\"async\" width=\"768\" height=\"1024\" src=\"https:\/\/auxdelicesdecaroline.com\/wp-content\/uploads\/2025\/11\/Caro-en-cuisine-768x1024.jpg\" alt=\"\" class=\"wp-image-6156\" style=\"width:504px;height:auto\" srcset=\"https:\/\/auxdelicesdecaroline.com\/wp-content\/uploads\/2025\/11\/Caro-en-cuisine-768x1024.jpg 768w, https:\/\/auxdelicesdecaroline.com\/wp-content\/uploads\/2025\/11\/Caro-en-cuisine-225x300.jpg 225w, https:\/\/auxdelicesdecaroline.com\/wp-content\/uploads\/2025\/11\/Caro-en-cuisine-450x600.jpg 450w, https:\/\/auxdelicesdecaroline.com\/wp-content\/uploads\/2025\/11\/Caro-en-cuisine-1152x1536.jpg 1152w, https:\/\/auxdelicesdecaroline.com\/wp-content\/uploads\/2025\/11\/Caro-en-cuisine-9x12.jpg 9w, https:\/\/auxdelicesdecaroline.com\/wp-content\/uploads\/2025\/11\/Caro-en-cuisine-45x60.jpg 45w, https:\/\/auxdelicesdecaroline.com\/wp-content\/uploads\/2025\/11\/Caro-en-cuisine-360x480.jpg 360w, https:\/\/auxdelicesdecaroline.com\/wp-content\/uploads\/2025\/11\/Caro-en-cuisine.jpg 1272w\" sizes=\"auto, (max-width: 768px) 100vw, 768px\" \/><\/figure>\n<\/div>\n\n\n<p><\/p>\n\n\n\n<p>Hallo, ich bin Caroline - leidenschaftliche K\u00f6chin, Alltagsk\u00f6chin und Gastgeberin seit ... schon immer, oder fast.<\/p>\n\n\n\n<p>Diese Website begann als pers\u00f6nliches Projekt: ein Online-Rezeptbuch, damit ich nicht mehr in meinen alten Heften, E-Mails oder losen Notizen st\u00f6bern muss.<br>Im Laufe der Zeit ist es gewachsen - bis es heute etwa 400 Rezepte versammelt, frei zug\u00e4nglich, ohne Werbung und immer mit der gleichen Idee: zu teilen, was ich wirklich koche.<\/p>\n\n\n\n<p>Das sind die Gerichte, die ich t\u00e4glich f\u00fcr meine Familie zubereite, die Rezepte, die immer wieder auf unseren Tisch kommen.<br>Manchmal kommt hier und da ein etwas festlicherer Touch hinzu - aber im Gro\u00dfen und Ganzen ist dieser Blog zu meinem t\u00e4glichen K\u00fcchenhelfer geworden.<br>Ich benutze es h\u00e4ufiger als Google - denn ehrlich gesagt, kann ich mir die meisten meiner Rezepte nicht auswendig merken.<br>Und ich bin nicht die Einzige: Auch meine S\u00f6hne, Schwestern, Onkel und Tanten, Cousins und Freunde holen sich dort regelm\u00e4\u00dfig Anregungen.<\/p>\n\n\n\n<p>Aber Kochen war f\u00fcr mich schon immer viel mehr als nur eine Sache des Ged\u00e4chtnisses oder der Organisation.<br>Ich bin in \u00d6sterreich in einem gro\u00dfen alten Haus aufgewachsen, das seit Jahrhunderten in der Familie weitergegeben wird.<br>Ich bin meinen Eltern zutiefst dankbar, dass sie mir und meinen Schwestern ein solches Lebensumfeld geboten haben und uns durch ihr Beispiel den Sinn f\u00fcr Gastfreundschaft, einfache Sch\u00f6nheit, den richtigen Geschmack und das gemeinsame Kochen vermittelt haben.<\/p>\n\n\n\n<p>Ich habe eine sehr lebendige Erinnerung an die Weihnachten, die ich in diesem Haus verbracht habe, den Zimtgeruch in der Luft, die Kerzen auf dem Baum und die Tische voller liebevoll zubereiteter Speisen.<br>Diese Atmosph\u00e4re der Gro\u00dfz\u00fcgigkeit und Aufmerksamkeit hat mich nie verlassen.<\/p>\n\n\n\n<p>Sp\u00e4ter in England betrieb ich einen kleinen Cateringservice, der auf Backwaren spezialisiert war - vor allem f\u00fcr Taufen und Partys.<br>Es war fr\u00f6hlich, anspruchsvoll, mit Puderzucker best\u00e4ubt und lehrte mich, Pr\u00e4zision, Details und gut gemachte S\u00fc\u00dfigkeiten zu lieben.<\/p>\n\n\n\n<p>Auch heute noch, egal ob ich f\u00fcr vier oder vierundzwanzig Personen koche, versuche ich immer, dasselbe Gef\u00fchl zu finden - nicht durch Perfektion, sondern durch Sorgfalt, Teilen und die Freude, Freude zu bereiten.<\/p>\n\n\n\n<p>Mit der Zeit habe ich auch eine wesentliche Sache verstanden:<br>was wirklich den Unterschied ausmacht, wenn man G\u00e4ste empf\u00e4ngt, sind nicht nur die Rezepte...<br>sondern alles drum herum.<\/p>\n\n\n\n<p>Organisation, Antizipation, zu wissen, was man im Voraus vorbereitet, in welcher Reihenfolge - -.<br>um endlich, endlich den Moment in vollen Z\u00fcgen genie\u00dfen zu k\u00f6nnen.<\/p>\n\n\n\n<p>Aus dieser Art zu kochen und G\u00e4ste zu bewirten ist dieser Raum entstanden.<\/p>\n\n\n\n<p>Heute vereint er all das, was ich selbst jahrelang gerne gehabt h\u00e4tte:<\/p>\n\n\n\n<p>Jedes Men\u00fc, jedes Rezept wird in meiner K\u00fcche getestet, oft mehrmals.<br>Ich passe an, schreibe auf, nehme wieder auf - bis alles wirklich funktioniert.<\/p>\n\n\n\n<p>Und vor allem teste ich auch die gesamte Organisation :<br>was im Voraus vorbereiten, in welcher Reihenfolge, zu welchem Zeitpunkt...<br>damit am Tag X alles reibungslos und stressfrei abl\u00e4uft, damit alles einfach bleibt, auch wenn man G\u00e4ste empf\u00e4ngt.<\/p>\n\n\n\n<p>Es geht nicht darum, etwas komplizierter zu machen.<\/p>\n\n\n\n<p>Sondern im Gegenteil, die Dinge einfach zu machen,<br>selbst bei gro\u00dfen Mahlzeiten.<\/p>\n\n\n\n<p>Man kann nat\u00fcrlich auch einfach ein Rezept herauspicken,<br>ein Dessert oder eine Idee f\u00fcr den Alltag.<\/p>\n\n\n\n<p>Aber f\u00fcr diejenigen, die - auch nur ab und zu - empfangen.<br>es ist vor allem eine Art, alles vorwegzunehmen,<br>und nicht mehr im Stress der letzten Momente nachdenken zu m\u00fcssen.<\/p>\n\n\n\n<p>Ob f\u00fcr ein Abendessen mit der Familie oder um zwanzig, drei\u00dfig oder vierzig Personen zu empfangen,<br>mein Ziel bleibt das gleiche:<\/p>\n\n\n\n<p>dass alles im Voraus vorbereitet ist<br>und Sie den Moment in vollen Z\u00fcgen genie\u00dfen k\u00f6nnen<\/p>\n\n\n\n<p>Denn im Grunde,<br>es ist nicht die Komplexit\u00e4t, die ein sch\u00f6nes Essen ausmacht -.<br>sondern die Tatsache, dass man sie mit Gelassenheit teilen kann.<\/p>\n\n\n\n<p>Wenn Sie gerne G\u00e4ste empfangen,<br>finden Sie genau das, was Sie brauchen, um dies mit Gelassenheit zu tun.<\/p>\n\n\n\n<figure class=\"wp-block-image size-large is-resized\"><img loading=\"lazy\" decoding=\"async\" width=\"1024\" height=\"522\" src=\"https:\/\/auxdelicesdecaroline.com\/wp-content\/uploads\/2025\/09\/Caro-Signature-1-1024x522.jpg\" alt=\"\" class=\"wp-image-2888\" style=\"width:320px;height:auto\" srcset=\"https:\/\/auxdelicesdecaroline.com\/wp-content\/uploads\/2025\/09\/Caro-Signature-1-1024x522.jpg 1024w, https:\/\/auxdelicesdecaroline.com\/wp-content\/uploads\/2025\/09\/Caro-Signature-1-300x153.jpg 300w, https:\/\/auxdelicesdecaroline.com\/wp-content\/uploads\/2025\/09\/Caro-Signature-1-768x392.jpg 768w, https:\/\/auxdelicesdecaroline.com\/wp-content\/uploads\/2025\/09\/Caro-Signature-1-118x60.jpg 118w, https:\/\/auxdelicesdecaroline.com\/wp-content\/uploads\/2025\/09\/Caro-Signature-1.jpg 1080w\" sizes=\"auto, (max-width: 1024px) 100vw, 1024px\" \/><\/figure>\n\n\n\n<p>Erhalten Sie von Zeit zu Zeit Neuigkeiten von mir - nur wenn ich etwas Besonderes mitzuteilen habe.<\/p>\n\n\n<script>(function() {\n\twindow.mc4wp = window.mc4wp || {\n\t\tlisteners: [],\n\t\tforms: {\n\t\t\ton: function(evt, cb) {\n\t\t\t\twindow.mc4wp.listeners.push(\n\t\t\t\t\t{\n\t\t\t\t\t\tevent   : evt,\n\t\t\t\t\t\tcallback: cb\n\t\t\t\t\t}\n\t\t\t\t);\n\t\t\t}\n\t\t}\n\t}\n})();\n<\/script><!-- Mailchimp for WordPress v4.12.2 - https:\/\/wordpress.org\/plugins\/mailchimp-for-wp\/ --><form id=\"mc4wp-form-1\" class=\"mc4wp-form mc4wp-form-5238\" method=\"post\" data-id=\"5238\" data-name=\"Newsletter Caroline\" action=\"\" ><div class=\"mc4wp-form-fields\"><p>\r\n  <label for=\"mc4wp-EMAIL\">Ihre E-Mail-Adresse<\/label><br>\r\n  <input type=\"email\" name=\"EMAIL\" id=\"mc4wp-EMAIL\" placeholder=\"Geben Sie hier Ihre E-Mail-Adresse ein\" required>\r\n<\/p>\r\n\r\n<p>\r\n  <input type=\"submit\" value=\"Ich melde mich an\">\r\n<\/p>\r\n<\/div><label style=\"display: none !important;\">Lassen Sie dieses Feld leer, wenn Sie ein Mensch sind: <input type=\"text\" name=\"_mc4wp_honeypot\" value=\"\" tabindex=\"-1\" autocomplete=\"off\" \/><\/label><input type=\"hidden\" name=\"_mc4wp_timestamp\" value=\"1777666485\" \/><input type=\"hidden\" name=\"_mc4wp_form_id\" value=\"5238\" \/><input type=\"hidden\" name=\"_mc4wp_form_element_id\" value=\"mc4wp-form-1\" \/><div class=\"mc4wp-response\"><\/div><input type=\"hidden\" name=\"trp-form-language\" value=\"de\"\/><\/form><!-- \/ Mailchimp for WordPress Plugin -->","protected":false},"excerpt":{"rendered":"<p>Hallo, ich bin Caroline - leidenschaftliche K\u00f6chin, Alltagsk\u00f6chin und Gastgeberin seit... schon immer, oder fast. Diese Website begann als pers\u00f6nliches Projekt: ein Online-Rezeptbuch, damit ich nicht mehr in meinen alten ... <\/p>","protected":false},"author":2,"featured_media":0,"parent":0,"menu_order":0,"comment_status":"closed","ping_status":"closed","template":"","meta":{"footnotes":""},"class_list":["post-135","page","type-page","status-publish","hentry"],"_links":{"self":[{"href":"https:\/\/auxdelicesdecaroline.com\/de\/wp-json\/wp\/v2\/pages\/135","targetHints":{"allow":["GET"]}}],"collection":[{"href":"https:\/\/auxdelicesdecaroline.com\/de\/wp-json\/wp\/v2\/pages"}],"about":[{"href":"https:\/\/auxdelicesdecaroline.com\/de\/wp-json\/wp\/v2\/types\/page"}],"author":[{"embeddable":true,"href":"https:\/\/auxdelicesdecaroline.com\/de\/wp-json\/wp\/v2\/users\/2"}],"replies":[{"embeddable":true,"href":"https:\/\/auxdelicesdecaroline.com\/de\/wp-json\/wp\/v2\/comments?post=135"}],"version-history":[{"count":4,"href":"https:\/\/auxdelicesdecaroline.com\/de\/wp-json\/wp\/v2\/pages\/135\/revisions"}],"predecessor-version":[{"id":6413,"href":"https:\/\/auxdelicesdecaroline.com\/de\/wp-json\/wp\/v2\/pages\/135\/revisions\/6413"}],"wp:attachment":[{"href":"https:\/\/auxdelicesdecaroline.com\/de\/wp-json\/wp\/v2\/media?parent=135"}],"curies":[{"name":"wp","href":"https:\/\/api.w.org\/{rel}","templated":true}]}}